{"id":2,"date":"2026-03-09T18:13:34","date_gmt":"2026-03-09T21:13:34","guid":{"rendered":"https:\/\/www.mcveste.com.br\/wordpress\/?page_id=2"},"modified":"2026-03-19T13:58:38","modified_gmt":"2026-03-19T16:58:38","slug":"pagina-principal","status":"publish","type":"page","link":"https:\/\/mcveste.com.br\/?page_id=2","title":{"rendered":"Seja bem-vinda(o)!!!"},"content":{"rendered":"\n<p>Voc\u00ea est\u00e1 na MCVeste, aqui voc\u00ea encontra pre\u00e7o, conforto, qualidade e rapidez na entrega.<\/p>\n\n\n\n<figure class=\"wp-block-gallery has-nested-images columns-default is-cropped wp-block-gallery-1 is-layout-flex wp-block-gallery-is-layout-flex\"><\/figure>\n\n\n\n<p><\/p>\n","protected":false},"excerpt":{"rendered":"<p>Voc\u00ea est\u00e1 na MCVeste, aqui voc\u00ea encontra pre\u00e7o, conforto, qualidade e rapidez na entrega.<\/p>\n","protected":false},"author":1,"featured_media":0,"parent":0,"menu_order":0,"comment_status":"closed","ping_status":"closed","template":"","meta":{"footnotes":""},"class_list":["post-2","page","type-page","status-publish","hentry"],"jetpack_sharing_enabled":true,"_links":{"self":[{"href":"https:\/\/mcveste.com.br\/index.php?rest_route=\/wp\/v2\/pages\/2","targetHints":{"allow":["GET"]}}],"collection":[{"href":"https:\/\/mcveste.com.br\/index.php?rest_route=\/wp\/v2\/pages"}],"about":[{"href":"https:\/\/mcveste.com.br\/index.php?rest_route=\/wp\/v2\/types\/page"}],"author":[{"embeddable":true,"href":"https:\/\/mcveste.com.br\/index.php?rest_route=\/wp\/v2\/users\/1"}],"replies":[{"embeddable":true,"href":"https:\/\/mcveste.com.br\/index.php?rest_route=%2Fwp%2Fv2%2Fcomments&post=2"}],"version-history":[{"count":7,"href":"https:\/\/mcveste.com.br\/index.php?rest_route=\/wp\/v2\/pages\/2\/revisions"}],"predecessor-version":[{"id":86,"href":"https:\/\/mcveste.com.br\/index.php?rest_route=\/wp\/v2\/pages\/2\/revisions\/86"}],"wp:attachment":[{"href":"https:\/\/mcveste.com.br\/index.php?rest_route=%2Fwp%2Fv2%2Fmedia&parent=2"}],"curies":[{"name":"wp","href":"https:\/\/api.w.org\/{rel}","templated":true}]}}