{"id":68,"date":"2026-03-19T13:33:16","date_gmt":"2026-03-19T16:33:16","guid":{"rendered":"https:\/\/mcveste.com.br\/?post_type=product&#038;p=68"},"modified":"2026-04-07T23:17:36","modified_gmt":"2026-04-08T02:17:36","slug":"short-infantil","status":"publish","type":"product","link":"https:\/\/mcveste.com.br\/?product=short-infantil","title":{"rendered":"Short Infantil &#8211; 2 anos"},"content":{"rendered":"<p>Short infantil unissex tamanho 02, em linho com elastano, bordado no lado esquerdo, dois bolsos com 6cm de profundidade, el\u00e1stico na cintura com 4cm de espessura, costura de qualidade e bem acabada.<\/p>\n<p>Lavagem:<\/p>\n<p>Para cuidar corretamente de um tecido de linho com elastano, recomenda-se lavagem suave, preferencialmente \u00e0 m\u00e3o ou com ciclo delicado na m\u00e1quina, usando \u00e1gua fria ou morna. Evite \u00e1gua quente, que pode causar encolhimento, e produtos qu\u00edmicos agressivos. Sab\u00e3o neutro ou de coco \u00e9 a melhor op\u00e7\u00e3o para manter a integridade do tecido.<\/p>\n<p>Cor:<\/p>\n<p>Por ser imagem digital a cor escolhida pode ter uma leve varia\u00e7\u00e3o de tom.<\/p>\n<p>Medidas:<\/p>\n<p>Podem ocorrer pequenas varia\u00e7\u00f5es.<\/p>\n<p>Prezamos pela qualidade e padr\u00e3o de nossos produtos e pedimos aten\u00e7\u00e3o aos detalhes da descri\u00e7\u00e3o.<\/p>\n<p>&nbsp;<\/p>\n","protected":false},"excerpt":{"rendered":"<p>O short infantil\u00a0<mark class=\"HxTRcb\" data-sfc-root=\"c\" data-sfc-cb=\"\" data-processed=\"true\">\u00e9 uma pe\u00e7a de vestu\u00e1rio curta, leve e confort\u00e1vel, ideal para o dia a dia.<\/mark> Confeccionado em linho, possui el\u00e1stico no c\u00f3s para facilitar o vestir e garantir liberdade de movimento. Dispon\u00edvel em v\u00e1rias cores.<span class=\"uJ19be notranslate\" data-sfc-root=\"c\" data-wiz-uids=\"acmQ3c_c,acmQ3c_d\" data-sfc-cb=\"\" data-processed=\"true\"><span class=\"vKEkVd\" data-animation-atomic=\"\" data-wiz-attrbind=\"class=acmQ3c_b\/TKHnVd\" data-processed=\"true\"><span aria-hidden=\"true\" data-processed=\"true\">\u00a0<\/span><button class=\"rBl3me IWyTpf pjvauc\" tabindex=\"0\" data-amic=\"true\" data-icl-uuid=\"a37ad9e8-9c6b-4f9b-bfcc-43484a3407fa\" aria-label=\"Shopee Brasil (+4) \u2013 Mostrar links relacionados\" data-wiz-attrbind=\"disabled=acmQ3c_b\/C5gNJc;aria-label=acmQ3c_b\/bOjMyf;class=acmQ3c_b\/UpSNec\" data-ved=\"2ahUKEwjjp6HQrayTAxXbq5UCHcG4CvEQye0OegQIARAC\" data-hveid=\"CAEQAg\" data-processed=\"true\"><\/button><\/span><\/span><\/p>\n","protected":false},"featured_media":72,"comment_status":"open","ping_status":"closed","template":"","meta":[],"product_brand":[],"product_cat":[15],"product_tag":[],"class_list":{"0":"post-68","1":"product","2":"type-product","3":"status-publish","4":"has-post-thumbnail","6":"product_cat-sem-categoria","7":"product_shipping_class-pacotes-leves","9":"first","10":"instock","11":"sale","12":"purchasable","13":"product-type-variable"},"jetpack_sharing_enabled":true,"_links":{"self":[{"href":"https:\/\/mcveste.com.br\/index.php?rest_route=\/wp\/v2\/product\/68","targetHints":{"allow":["GET"]}}],"collection":[{"href":"https:\/\/mcveste.com.br\/index.php?rest_route=\/wp\/v2\/product"}],"about":[{"href":"https:\/\/mcveste.com.br\/index.php?rest_route=\/wp\/v2\/types\/product"}],"replies":[{"embeddable":true,"href":"https:\/\/mcveste.com.br\/index.php?rest_route=%2Fwp%2Fv2%2Fcomments&post=68"}],"wp:featuredmedia":[{"embeddable":true,"href":"https:\/\/mcveste.com.br\/index.php?rest_route=\/wp\/v2\/media\/72"}],"wp:attachment":[{"href":"https:\/\/mcveste.com.br\/index.php?rest_route=%2Fwp%2Fv2%2Fmedia&parent=68"}],"wp:term":[{"taxonomy":"product_brand","embeddable":true,"href":"https:\/\/mcveste.com.br\/index.php?rest_route=%2Fwp%2Fv2%2Fproduct_brand&post=68"},{"taxonomy":"product_cat","embeddable":true,"href":"https:\/\/mcveste.com.br\/index.php?rest_route=%2Fwp%2Fv2%2Fproduct_cat&post=68"},{"taxonomy":"product_tag","embeddable":true,"href":"https:\/\/mcveste.com.br\/index.php?rest_route=%2Fwp%2Fv2%2Fproduct_tag&post=68"}],"curies":[{"name":"wp","href":"https:\/\/api.w.org\/{rel}","templated":true}]}}